{"id":1062,"date":"2026-04-13T07:20:16","date_gmt":"2026-04-13T07:20:16","guid":{"rendered":"https:\/\/france-iptv.eu\/Accueil\/?page_id=1062"},"modified":"2026-04-13T07:20:17","modified_gmt":"2026-04-13T07:20:17","slug":"mentions-legales","status":"publish","type":"page","link":"https:\/\/france-iptv.eu\/Accueil\/mentions-legales\/","title":{"rendered":"Mentions L\u00e9gales"},"content":{"rendered":"\n<p>\u00c9diteur du site<br>Raison sociale : France IPTV<br>Adresse : 20 Rue de la Poulaillerie, 69002 Lyon, France<br>Email : support@france-iptv.eu<br>Site web : https:\/\/france-iptv.eu<br>H\u00e9bergement<br>Hostinger International Ltd, 61 Lordou Vironos Street, 6023 Larnaca, Chypre<br>Propri\u00e9t\u00e9 intellectuelle<br>L&#8217;ensemble des contenus pr\u00e9sents sur france-iptv.eu sont la propri\u00e9t\u00e9 exclusive de France IPTV. Toute reproduction est interdite sans autorisation \u00e9crite.<br>Limitation de responsabilit\u00e9<br>France IPTV ne saurait \u00eatre tenu responsable des dommages directs ou indirects lors de l&#8217;acc\u00e8s au site.<\/p>\n\n\n\n<p><\/p>\n","protected":false},"excerpt":{"rendered":"<p>\u00c9diteur du siteRaison sociale : France IPTVAdresse : 20 Rue de la Poulaillerie, 69002 Lyon, FranceEmail : support@france-iptv.euSite web : https:\/\/france-iptv.euH\u00e9bergementHostinger International Ltd, 61 Lordou Vironos Street, 6023 Larnaca, ChyprePropri\u00e9t\u00e9 intellectuelleL&#8217;ensemble des contenus pr\u00e9sents sur france-iptv.eu sont la propri\u00e9t\u00e9 exclusive de France IPTV. Toute reproduction est interdite sans autorisation \u00e9crite.Limitation de responsabilit\u00e9France IPTV ne saurait [&hellip;]<\/p>\n","protected":false},"author":1,"featured_media":0,"parent":0,"menu_order":0,"comment_status":"closed","ping_status":"closed","template":"","meta":{"footnotes":""},"class_list":["post-1062","page","type-page","status-publish","hentry"],"_links":{"self":[{"href":"https:\/\/france-iptv.eu\/Accueil\/wp-json\/wp\/v2\/pages\/1062","targetHints":{"allow":["GET"]}}],"collection":[{"href":"https:\/\/france-iptv.eu\/Accueil\/wp-json\/wp\/v2\/pages"}],"about":[{"href":"https:\/\/france-iptv.eu\/Accueil\/wp-json\/wp\/v2\/types\/page"}],"author":[{"embeddable":true,"href":"https:\/\/france-iptv.eu\/Accueil\/wp-json\/wp\/v2\/users\/1"}],"replies":[{"embeddable":true,"href":"https:\/\/france-iptv.eu\/Accueil\/wp-json\/wp\/v2\/comments?post=1062"}],"version-history":[{"count":1,"href":"https:\/\/france-iptv.eu\/Accueil\/wp-json\/wp\/v2\/pages\/1062\/revisions"}],"predecessor-version":[{"id":1063,"href":"https:\/\/france-iptv.eu\/Accueil\/wp-json\/wp\/v2\/pages\/1062\/revisions\/1063"}],"wp:attachment":[{"href":"https:\/\/france-iptv.eu\/Accueil\/wp-json\/wp\/v2\/media?parent=1062"}],"curies":[{"name":"wp","href":"https:\/\/api.w.org\/{rel}","templated":true}]}}