{"id":1067,"date":"2026-04-13T07:26:17","date_gmt":"2026-04-13T07:26:17","guid":{"rendered":"https:\/\/france-iptv.eu\/Accueil\/?page_id=1067"},"modified":"2026-04-13T07:26:54","modified_gmt":"2026-04-13T07:26:54","slug":"cgv","status":"publish","type":"page","link":"https:\/\/france-iptv.eu\/Accueil\/cgv\/","title":{"rendered":"Conditions G\u00e9n\u00e9rales de Vente"},"content":{"rendered":"\n<p><strong>Objet<\/strong> : Les pr\u00e9sentes CGV r\u00e9gissent les ventes de services d&#8217;abonnement IPTV propos\u00e9s par France IPTV sur france-iptv.eu.<\/p>\n\n\n\n<p><br><strong>Offres et tarifs<\/strong><br>Abonnement 1 mois : 13\u20ac<br>Abonnement 3 mois : 27\u20ac<br>Abonnement 6 mois : 44\u20ac<br>Abonnement 12 mois : 55\u20ac<\/p>\n\n\n\n<p><br><strong>Moyens de paiement<br><\/strong>Carte bancaire, PayPal, Cryptomonnaies, Western Union, Virement bancaire. Tous les paiements sont s\u00e9curis\u00e9s.<br><br><strong>Livraison<\/strong><br>Le code IPTV est envoy\u00e9 par email dans un d\u00e9lai maximum de 5 heures apr\u00e8s confirmation du paiement.<br><br><strong>Droit de r\u00e9tractation<br><\/strong>Conform\u00e9ment \u00e0 l&#8217;article L221-28 du Code de la consommation, le droit de r\u00e9tractation ne s&#8217;applique pas aux contenus num\u00e9riques fournis imm\u00e9diatement apr\u00e8s achat.<br><br><strong>Loi applicable<br><\/strong>Les pr\u00e9sentes CGV sont soumises au droit fran\u00e7ais. Tout litige sera soumis aux tribunaux de Lyon.<br><\/p>\n\n\n\n<p><\/p>\n","protected":false},"excerpt":{"rendered":"<p>Objet : Les pr\u00e9sentes CGV r\u00e9gissent les ventes de services d&#8217;abonnement IPTV propos\u00e9s par France IPTV sur france-iptv.eu. Offres et tarifsAbonnement 1 mois : 13\u20acAbonnement 3 mois : 27\u20acAbonnement 6 mois : 44\u20acAbonnement 12 mois : 55\u20ac Moyens de paiementCarte bancaire, PayPal, Cryptomonnaies, Western Union, Virement bancaire. Tous les paiements sont s\u00e9curis\u00e9s. LivraisonLe code IPTV [&hellip;]<\/p>\n","protected":false},"author":1,"featured_media":0,"parent":0,"menu_order":0,"comment_status":"closed","ping_status":"closed","template":"","meta":{"footnotes":""},"class_list":["post-1067","page","type-page","status-publish","hentry"],"_links":{"self":[{"href":"https:\/\/france-iptv.eu\/Accueil\/wp-json\/wp\/v2\/pages\/1067","targetHints":{"allow":["GET"]}}],"collection":[{"href":"https:\/\/france-iptv.eu\/Accueil\/wp-json\/wp\/v2\/pages"}],"about":[{"href":"https:\/\/france-iptv.eu\/Accueil\/wp-json\/wp\/v2\/types\/page"}],"author":[{"embeddable":true,"href":"https:\/\/france-iptv.eu\/Accueil\/wp-json\/wp\/v2\/users\/1"}],"replies":[{"embeddable":true,"href":"https:\/\/france-iptv.eu\/Accueil\/wp-json\/wp\/v2\/comments?post=1067"}],"version-history":[{"count":2,"href":"https:\/\/france-iptv.eu\/Accueil\/wp-json\/wp\/v2\/pages\/1067\/revisions"}],"predecessor-version":[{"id":1069,"href":"https:\/\/france-iptv.eu\/Accueil\/wp-json\/wp\/v2\/pages\/1067\/revisions\/1069"}],"wp:attachment":[{"href":"https:\/\/france-iptv.eu\/Accueil\/wp-json\/wp\/v2\/media?parent=1067"}],"curies":[{"name":"wp","href":"https:\/\/api.w.org\/{rel}","templated":true}]}}